{"id":88,"date":"2020-09-13T13:25:52","date_gmt":"2020-09-13T11:25:52","guid":{"rendered":"https:\/\/www.immanuel.se\/en\/?page_id=88"},"modified":"2024-03-25T20:49:38","modified_gmt":"2024-03-25T19:49:38","slug":"the-immanuel-group","status":"publish","type":"page","link":"https:\/\/www.immanuel.se\/en\/about-the-church\/the-immanuel-group\/","title":{"rendered":"The Immanuel Group"},"content":{"rendered":"\n<aside class=\"wp-block-bm-exhibit alignright exhibit\"><figure class=\"media-object is-image is-fitted exhibit-figure\"><img decoding=\"async\" src=\"https:\/\/www.immanuel.se\/wp-content\/uploads\/2020\/05\/facklan5-640x427.jpg\" alt=\"\" class=\"media-object-image exhibit-figure-source\" style=\"object-position:50% 50%\"><\/figure><h2 class=\"exhibit-title\">Student Accommodation<\/h2><div class=\"exhibit-body\">\n\n<p>Read more about the student accommodation and Tegn\u00e9rg\u00e5rden.<\/p>\n\n<p class=\"exhibit-cta\"><a href=\"https:\/\/www.immanuel.se\/tro-liv\/tonar-unga-vuxna\/student-ungdomsboende\/\" class=\"text-button\">About Student Accommodation<\/a><\/p><\/div><\/aside>\n\n\n\n<p class=\"is-style-lead\">The Immanuel Church is the owner of the property management company Probitas. The purpose of the group is to create financial resources for the congregation and to secure its work long-term.<\/p>\n\n\n\n<p>Probitas owns Hotel Birger Jarl, the nursing home and senior living L\u00f6jtnatsg\u00e5rden as well as Tegn\u00e9rg\u00e5rden with student accommodation.<\/p>\n\n\n\n<p>In addition, Probitas owns and manages other properties in central Stockholm which means that the congregation can make staff housing available. Occasionally active members can also receive a rental contract.<\/p>\n\n\n\n<figure class=\"wp-block-image size-large\"><img loading=\"lazy\" decoding=\"async\" width=\"1200\" height=\"965\" src=\"https:\/\/www.immanuel.se\/en\/wp-content\/uploads\/sites\/2\/2024\/03\/Skarmavbild-2024-03-25-kl.-20.31.46-1200x965.png\" alt=\"\" class=\"wp-image-12872\" srcset=\"https:\/\/www.immanuel.se\/en\/wp-content\/uploads\/sites\/2\/2024\/03\/Skarmavbild-2024-03-25-kl.-20.31.46-1200x965.png 1200w, https:\/\/www.immanuel.se\/en\/wp-content\/uploads\/sites\/2\/2024\/03\/Skarmavbild-2024-03-25-kl.-20.31.46-640x514.png 640w, https:\/\/www.immanuel.se\/en\/wp-content\/uploads\/sites\/2\/2024\/03\/Skarmavbild-2024-03-25-kl.-20.31.46-768x617.png 768w, https:\/\/www.immanuel.se\/en\/wp-content\/uploads\/sites\/2\/2024\/03\/Skarmavbild-2024-03-25-kl.-20.31.46-1536x1235.png 1536w, https:\/\/www.immanuel.se\/en\/wp-content\/uploads\/sites\/2\/2024\/03\/Skarmavbild-2024-03-25-kl.-20.31.46-2048x1646.png 2048w\" sizes=\"auto, (max-width: 1200px) 100vw, 1200px\" \/><\/figure>\n\n\n\n<section class=\"wp-block-bm-teasers alignfull section has-page-width-content has-normal-vspacing section-wp-block-bm-teasers\"><div class=\"section-body\"><div class=\"teasers grid-x has-3-columns\">\n<div class=\"teaser grid-item has-link wp-block-bm-teaser\"><a href=\"https:\/\/probitas.se\/\" class=\"teaser-link\"><div class=\"teaser-content\"><h3 class=\"teaser-title\">Probitas<\/h3><div class=\"teaser-cta\"><span class=\"teaser-cta-link text-button\">To probitas.se<\/span><\/div><\/div><\/a><\/div>\n\n\n\n<div class=\"teaser grid-item has-link wp-block-bm-teaser\"><a href=\"http:\/\/www.tegnergarden.com\/\" class=\"teaser-link\"><div class=\"teaser-content\"><h3 class=\"teaser-title\">Student Housing Tegn\u00e9rg\u00e5rden<\/h3><div class=\"teaser-cta\"><span class=\"teaser-cta-link text-button\">To tegnergarden.com<\/span><\/div><\/div><\/a><\/div>\n\n\n\n<div class=\"teaser grid-item has-link wp-block-bm-teaser\"><a href=\"http:\/\/lojtnantsgarden.se\/\" class=\"teaser-link\"><div class=\"teaser-content\"><h3 class=\"teaser-title\">Nursary Home L\u00f6jtnantsg\u00e5rden<\/h3><div class=\"teaser-cta\"><span class=\"teaser-cta-link text-button\">To lojtnatsgarden.se<\/span><\/div><\/div><\/a><\/div>\n\n\n\n<div class=\"teaser grid-item has-link wp-block-bm-teaser\"><a href=\"https:\/\/probitas.se\/fastigheter\/svea-artilleri-15\/\" class=\"teaser-link\"><div class=\"teaser-content\"><h3 class=\"teaser-title\">Senior Living L\u00f6jtnantgatan 8<\/h3><div class=\"teaser-cta\"><span class=\"teaser-cta-link text-button\">To probitas.se<\/span><\/div><\/div><\/a><\/div>\n\n\n\n<div class=\"teaser grid-item has-link wp-block-bm-teaser\"><a href=\"https:\/\/www.birgerjarl.se\/\" class=\"teaser-link\"><div class=\"teaser-content\"><h3 class=\"teaser-title\">Hotel Birger Jarl<\/h3><div class=\"teaser-cta\"><span class=\"teaser-cta-link text-button\">To birgerjarl.se<\/span><\/div><\/div><\/a><\/div>\n<\/div><\/div><\/section>\n","protected":false},"excerpt":{"rendered":"<p>The Immanuel Church is the owner of the property management company Probitas. The purpose of the group is to create financial resources for the congregation and to secure its work [&hellip;]<\/p>\n","protected":false},"author":1,"featured_media":89,"parent":71,"menu_order":14,"comment_status":"closed","ping_status":"closed","template":"templates\/no-sidebar.php","meta":{"_acf_changed":false,"page_specific_styles":"","episode_type":"","audio_file":"","podmotor_file_id":"","podmotor_episode_id":"","cover_image":"","cover_image_id":"","duration":"","filesize":"","filesize_raw":"","date_recorded":"","explicit":"","block":"","itunes_episode_number":"","itunes_title":"","itunes_season_number":"","itunes_episode_type":"","editor_notices":[],"footnotes":""},"class_list":["post-88","page","type-page","status-publish","has-post-thumbnail","hentry"],"acf":[],"featured_media_data":{"id":89,"alt":"","srcset":"https:\/\/www.immanuel.se\/en\/wp-content\/uploads\/sites\/2\/2020\/09\/EGS-150928-4907-2-e1489743408111-640x427.jpg 640w, https:\/\/www.immanuel.se\/en\/wp-content\/uploads\/sites\/2\/2020\/09\/EGS-150928-4907-2-e1489743408111-1200x800.jpg 1200w, https:\/\/www.immanuel.se\/en\/wp-content\/uploads\/sites\/2\/2020\/09\/EGS-150928-4907-2-e1489743408111-768x512.jpg 768w, https:\/\/www.immanuel.se\/en\/wp-content\/uploads\/sites\/2\/2020\/09\/EGS-150928-4907-2-e1489743408111.jpg 1500w","sizes":{"thumbnail":"https:\/\/www.immanuel.se\/en\/wp-content\/uploads\/sites\/2\/2020\/09\/EGS-150928-4907-2-e1489743408111-300x300.jpg","medium":"https:\/\/www.immanuel.se\/en\/wp-content\/uploads\/sites\/2\/2020\/09\/EGS-150928-4907-2-e1489743408111-640x427.jpg","medium_large":"https:\/\/www.immanuel.se\/en\/wp-content\/uploads\/sites\/2\/2020\/09\/EGS-150928-4907-2-e1489743408111-768x512.jpg","large":"https:\/\/www.immanuel.se\/en\/wp-content\/uploads\/sites\/2\/2020\/09\/EGS-150928-4907-2-e1489743408111-1200x800.jpg","1536x1536":"https:\/\/www.immanuel.se\/en\/wp-content\/uploads\/sites\/2\/2020\/09\/EGS-150928-4907-2-e1489743408111.jpg","2048x2048":"https:\/\/www.immanuel.se\/en\/wp-content\/uploads\/sites\/2\/2020\/09\/EGS-150928-4907-2-e1489743408111.jpg","xlarge":"https:\/\/www.immanuel.se\/en\/wp-content\/uploads\/sites\/2\/2020\/09\/EGS-150928-4907-2-e1489743408111.jpg","gform-image-choice-sm":"https:\/\/www.immanuel.se\/en\/wp-content\/uploads\/sites\/2\/2020\/09\/EGS-150928-4907-2-e1489743408111.jpg","gform-image-choice-md":"https:\/\/www.immanuel.se\/en\/wp-content\/uploads\/sites\/2\/2020\/09\/EGS-150928-4907-2-e1489743408111.jpg","gform-image-choice-lg":"https:\/\/www.immanuel.se\/en\/wp-content\/uploads\/sites\/2\/2020\/09\/EGS-150928-4907-2-e1489743408111.jpg"}},"yoast_head":"<!-- This site is optimized with the Yoast SEO plugin v27.4 - https:\/\/yoast.com\/product\/yoast-seo-wordpress\/ -->\n<title>The Immanuel Group - Immanuel Church<\/title>\n<meta name=\"robots\" content=\"index, follow, max-snippet:-1, max-image-preview:large, max-video-preview:-1\" \/>\n<link rel=\"canonical\" href=\"https:\/\/www.immanuel.se\/en\/about-the-church\/the-immanuel-group\/\" \/>\n<meta property=\"og:locale\" content=\"en_US\" \/>\n<meta property=\"og:type\" content=\"article\" \/>\n<meta property=\"og:title\" content=\"The Immanuel Group - Immanuel Church\" \/>\n<meta property=\"og:description\" content=\"The Immanuel Church is the owner of the property management company Probitas. The purpose of the group is to create financial resources for the congregation and to secure its work [&hellip;]\" \/>\n<meta property=\"og:url\" content=\"https:\/\/www.immanuel.se\/en\/about-the-church\/the-immanuel-group\/\" \/>\n<meta property=\"og:site_name\" content=\"Immanuel Church\" \/>\n<meta property=\"article:modified_time\" content=\"2024-03-25T19:49:38+00:00\" \/>\n<meta property=\"og:image\" content=\"https:\/\/www.immanuel.se\/en\/wp-content\/uploads\/sites\/2\/2020\/09\/EGS-150928-4907-2-e1489743408111.jpg\" \/>\n\t<meta property=\"og:image:width\" content=\"1500\" \/>\n\t<meta property=\"og:image:height\" content=\"1000\" \/>\n\t<meta property=\"og:image:type\" content=\"image\/jpeg\" \/>\n<meta name=\"twitter:card\" content=\"summary_large_image\" \/>\n<meta name=\"twitter:label1\" content=\"Est. reading time\" \/>\n\t<meta name=\"twitter:data1\" content=\"2 minutes\" \/>\n<script type=\"application\/ld+json\" class=\"yoast-schema-graph\">{\"@context\":\"https:\\\/\\\/schema.org\",\"@graph\":[{\"@type\":\"WebPage\",\"@id\":\"https:\\\/\\\/www.immanuel.se\\\/en\\\/about-the-church\\\/the-immanuel-group\\\/\",\"url\":\"https:\\\/\\\/www.immanuel.se\\\/en\\\/about-the-church\\\/the-immanuel-group\\\/\",\"name\":\"The Immanuel Group - Immanuel Church\",\"isPartOf\":{\"@id\":\"https:\\\/\\\/www.immanuel.se\\\/en\\\/#website\"},\"primaryImageOfPage\":{\"@id\":\"https:\\\/\\\/www.immanuel.se\\\/en\\\/about-the-church\\\/the-immanuel-group\\\/#primaryimage\"},\"image\":{\"@id\":\"https:\\\/\\\/www.immanuel.se\\\/en\\\/about-the-church\\\/the-immanuel-group\\\/#primaryimage\"},\"thumbnailUrl\":\"https:\\\/\\\/www.immanuel.se\\\/en\\\/wp-content\\\/uploads\\\/sites\\\/2\\\/2020\\\/09\\\/EGS-150928-4907-2-e1489743408111.jpg\",\"datePublished\":\"2020-09-13T11:25:52+00:00\",\"dateModified\":\"2024-03-25T19:49:38+00:00\",\"breadcrumb\":{\"@id\":\"https:\\\/\\\/www.immanuel.se\\\/en\\\/about-the-church\\\/the-immanuel-group\\\/#breadcrumb\"},\"inLanguage\":\"en-US\",\"potentialAction\":[{\"@type\":\"ReadAction\",\"target\":[\"https:\\\/\\\/www.immanuel.se\\\/en\\\/about-the-church\\\/the-immanuel-group\\\/\"]}]},{\"@type\":\"ImageObject\",\"inLanguage\":\"en-US\",\"@id\":\"https:\\\/\\\/www.immanuel.se\\\/en\\\/about-the-church\\\/the-immanuel-group\\\/#primaryimage\",\"url\":\"https:\\\/\\\/www.immanuel.se\\\/en\\\/wp-content\\\/uploads\\\/sites\\\/2\\\/2020\\\/09\\\/EGS-150928-4907-2-e1489743408111.jpg\",\"contentUrl\":\"https:\\\/\\\/www.immanuel.se\\\/en\\\/wp-content\\\/uploads\\\/sites\\\/2\\\/2020\\\/09\\\/EGS-150928-4907-2-e1489743408111.jpg\",\"width\":1500,\"height\":1000},{\"@type\":\"BreadcrumbList\",\"@id\":\"https:\\\/\\\/www.immanuel.se\\\/en\\\/about-the-church\\\/the-immanuel-group\\\/#breadcrumb\",\"itemListElement\":[{\"@type\":\"ListItem\",\"position\":1,\"name\":\"Home\",\"item\":\"https:\\\/\\\/www.immanuel.se\\\/en\\\/\"},{\"@type\":\"ListItem\",\"position\":2,\"name\":\"About the Church\",\"item\":\"https:\\\/\\\/www.immanuel.se\\\/en\\\/about-the-church\\\/\"},{\"@type\":\"ListItem\",\"position\":3,\"name\":\"The Immanuel Group\"}]},{\"@type\":\"WebSite\",\"@id\":\"https:\\\/\\\/www.immanuel.se\\\/en\\\/#website\",\"url\":\"https:\\\/\\\/www.immanuel.se\\\/en\\\/\",\"name\":\"Immanuel Church\",\"description\":\"\",\"publisher\":{\"@id\":\"https:\\\/\\\/www.immanuel.se\\\/en\\\/#organization\"},\"potentialAction\":[{\"@type\":\"SearchAction\",\"target\":{\"@type\":\"EntryPoint\",\"urlTemplate\":\"https:\\\/\\\/www.immanuel.se\\\/en\\\/?s={search_term_string}\"},\"query-input\":{\"@type\":\"PropertyValueSpecification\",\"valueRequired\":true,\"valueName\":\"search_term_string\"}}],\"inLanguage\":\"en-US\"},{\"@type\":\"Organization\",\"@id\":\"https:\\\/\\\/www.immanuel.se\\\/en\\\/#organization\",\"name\":\"Immanuel Church\",\"url\":\"https:\\\/\\\/www.immanuel.se\\\/en\\\/\",\"logo\":{\"@type\":\"ImageObject\",\"inLanguage\":\"en-US\",\"@id\":\"https:\\\/\\\/www.immanuel.se\\\/en\\\/#\\\/schema\\\/logo\\\/image\\\/\",\"url\":\"https:\\\/\\\/www.immanuel.se\\\/en\\\/wp-content\\\/uploads\\\/sites\\\/2\\\/2020\\\/09\\\/immanuelskyrkan-logo.svg\",\"contentUrl\":\"https:\\\/\\\/www.immanuel.se\\\/en\\\/wp-content\\\/uploads\\\/sites\\\/2\\\/2020\\\/09\\\/immanuelskyrkan-logo.svg\",\"width\":170,\"height\":28,\"caption\":\"Immanuel Church\"},\"image\":{\"@id\":\"https:\\\/\\\/www.immanuel.se\\\/en\\\/#\\\/schema\\\/logo\\\/image\\\/\"}}]}<\/script>\n<!-- \/ Yoast SEO plugin. -->","yoast_head_json":{"title":"The Immanuel Group - Immanuel Church","robots":{"index":"index","follow":"follow","max-snippet":"max-snippet:-1","max-image-preview":"max-image-preview:large","max-video-preview":"max-video-preview:-1"},"canonical":"https:\/\/www.immanuel.se\/en\/about-the-church\/the-immanuel-group\/","og_locale":"en_US","og_type":"article","og_title":"The Immanuel Group - Immanuel Church","og_description":"The Immanuel Church is the owner of the property management company Probitas. The purpose of the group is to create financial resources for the congregation and to secure its work [&hellip;]","og_url":"https:\/\/www.immanuel.se\/en\/about-the-church\/the-immanuel-group\/","og_site_name":"Immanuel Church","article_modified_time":"2024-03-25T19:49:38+00:00","og_image":[{"width":1500,"height":1000,"url":"https:\/\/www.immanuel.se\/en\/wp-content\/uploads\/sites\/2\/2020\/09\/EGS-150928-4907-2-e1489743408111.jpg","type":"image\/jpeg"}],"twitter_card":"summary_large_image","twitter_misc":{"Est. reading time":"2 minutes"},"schema":{"@context":"https:\/\/schema.org","@graph":[{"@type":"WebPage","@id":"https:\/\/www.immanuel.se\/en\/about-the-church\/the-immanuel-group\/","url":"https:\/\/www.immanuel.se\/en\/about-the-church\/the-immanuel-group\/","name":"The Immanuel Group - Immanuel Church","isPartOf":{"@id":"https:\/\/www.immanuel.se\/en\/#website"},"primaryImageOfPage":{"@id":"https:\/\/www.immanuel.se\/en\/about-the-church\/the-immanuel-group\/#primaryimage"},"image":{"@id":"https:\/\/www.immanuel.se\/en\/about-the-church\/the-immanuel-group\/#primaryimage"},"thumbnailUrl":"https:\/\/www.immanuel.se\/en\/wp-content\/uploads\/sites\/2\/2020\/09\/EGS-150928-4907-2-e1489743408111.jpg","datePublished":"2020-09-13T11:25:52+00:00","dateModified":"2024-03-25T19:49:38+00:00","breadcrumb":{"@id":"https:\/\/www.immanuel.se\/en\/about-the-church\/the-immanuel-group\/#breadcrumb"},"inLanguage":"en-US","potentialAction":[{"@type":"ReadAction","target":["https:\/\/www.immanuel.se\/en\/about-the-church\/the-immanuel-group\/"]}]},{"@type":"ImageObject","inLanguage":"en-US","@id":"https:\/\/www.immanuel.se\/en\/about-the-church\/the-immanuel-group\/#primaryimage","url":"https:\/\/www.immanuel.se\/en\/wp-content\/uploads\/sites\/2\/2020\/09\/EGS-150928-4907-2-e1489743408111.jpg","contentUrl":"https:\/\/www.immanuel.se\/en\/wp-content\/uploads\/sites\/2\/2020\/09\/EGS-150928-4907-2-e1489743408111.jpg","width":1500,"height":1000},{"@type":"BreadcrumbList","@id":"https:\/\/www.immanuel.se\/en\/about-the-church\/the-immanuel-group\/#breadcrumb","itemListElement":[{"@type":"ListItem","position":1,"name":"Home","item":"https:\/\/www.immanuel.se\/en\/"},{"@type":"ListItem","position":2,"name":"About the Church","item":"https:\/\/www.immanuel.se\/en\/about-the-church\/"},{"@type":"ListItem","position":3,"name":"The Immanuel Group"}]},{"@type":"WebSite","@id":"https:\/\/www.immanuel.se\/en\/#website","url":"https:\/\/www.immanuel.se\/en\/","name":"Immanuel Church","description":"","publisher":{"@id":"https:\/\/www.immanuel.se\/en\/#organization"},"potentialAction":[{"@type":"SearchAction","target":{"@type":"EntryPoint","urlTemplate":"https:\/\/www.immanuel.se\/en\/?s={search_term_string}"},"query-input":{"@type":"PropertyValueSpecification","valueRequired":true,"valueName":"search_term_string"}}],"inLanguage":"en-US"},{"@type":"Organization","@id":"https:\/\/www.immanuel.se\/en\/#organization","name":"Immanuel Church","url":"https:\/\/www.immanuel.se\/en\/","logo":{"@type":"ImageObject","inLanguage":"en-US","@id":"https:\/\/www.immanuel.se\/en\/#\/schema\/logo\/image\/","url":"https:\/\/www.immanuel.se\/en\/wp-content\/uploads\/sites\/2\/2020\/09\/immanuelskyrkan-logo.svg","contentUrl":"https:\/\/www.immanuel.se\/en\/wp-content\/uploads\/sites\/2\/2020\/09\/immanuelskyrkan-logo.svg","width":170,"height":28,"caption":"Immanuel Church"},"image":{"@id":"https:\/\/www.immanuel.se\/en\/#\/schema\/logo\/image\/"}}]}},"_links":{"self":[{"href":"https:\/\/www.immanuel.se\/en\/wp-json\/wp\/v2\/pages\/88","targetHints":{"allow":["GET"]}}],"collection":[{"href":"https:\/\/www.immanuel.se\/en\/wp-json\/wp\/v2\/pages"}],"about":[{"href":"https:\/\/www.immanuel.se\/en\/wp-json\/wp\/v2\/types\/page"}],"author":[{"embeddable":true,"href":"https:\/\/www.immanuel.se\/en\/wp-json\/wp\/v2\/users\/1"}],"replies":[{"embeddable":true,"href":"https:\/\/www.immanuel.se\/en\/wp-json\/wp\/v2\/comments?post=88"}],"version-history":[{"count":4,"href":"https:\/\/www.immanuel.se\/en\/wp-json\/wp\/v2\/pages\/88\/revisions"}],"predecessor-version":[{"id":12873,"href":"https:\/\/www.immanuel.se\/en\/wp-json\/wp\/v2\/pages\/88\/revisions\/12873"}],"up":[{"embeddable":true,"href":"https:\/\/www.immanuel.se\/en\/wp-json\/wp\/v2\/pages\/71"}],"wp:featuredmedia":[{"embeddable":true,"href":"https:\/\/www.immanuel.se\/en\/wp-json\/wp\/v2\/media\/89"}],"wp:attachment":[{"href":"https:\/\/www.immanuel.se\/en\/wp-json\/wp\/v2\/media?parent=88"}],"curies":[{"name":"wp","href":"https:\/\/api.w.org\/{rel}","templated":true}]}}