{"id":2179,"date":"2020-11-17T14:44:35","date_gmt":"2020-11-17T13:44:35","guid":{"rendered":"https:\/\/www.immanuel.se\/en\/?page_id=2179"},"modified":"2025-09-16T09:33:18","modified_gmt":"2025-09-16T07:33:18","slug":"utbud-english","status":"publish","type":"page","link":"https:\/\/www.immanuel.se\/en\/music-culture\/music-school\/utbud-english\/","title":{"rendered":"Possibilities"},"content":{"rendered":"\n<p class=\"is-style-lead\">We have about 15 teachers, all with a degree in music education, who teach with us. The students are given many opportunities to express their musicality, including end-of-term performances, chamber music concerts, and participation in the services at Immanuel Church.<\/p>\n\n\n\n<section class=\"wp-block-bm-info-block alignfull section has-page-width-content has-normal-vspacing section-wp-block-bm-info-block has-transparent-background-color has-background\"><div class=\"section-body\"><div class=\"info-block has-figure-left figure-type-image vertical-align-center has-layout-even-split\"><figure class=\"media-object is-image info-block-figure\"><img decoding=\"async\" src=\"https:\/\/www.immanuel.se\/wp-content\/uploads\/2020\/09\/cedar-top-violin-165974-edited-1200x675.jpg\" alt=\"\" class=\"media-object-image wp-image-1028 info-block-figure-source\" \/><\/figure><div class=\"info-block-content\">\n<h2 class=\"wp-block-heading\" id=\"instrument\">Instrument<\/h2>\n\n\n\n<p>At Immanuel Church&#8217;s music school, you can learn to play many different instruments. There are opportunities for both group and individual lessons. We offer instruction in the following instruments:<\/p>\n\n\n\n<ul class=\"wp-block-list\">\n<li>Piano<\/li>\n\n\n\n<li>Flute<\/li>\n\n\n\n<li>Violin, viola, cello<\/li>\n\n\n\n<li>Guitar, electric or acoustic<\/li>\n\n\n\n<li>Bass<\/li>\n\n\n\n<li>Trumpet<\/li>\n\n\n\n<li>Singing<\/li>\n<\/ul>\n<\/div><\/div><\/div><\/section>\n\n\n\n<section class=\"wp-block-bm-info-block alignfull section has-page-width-content has-normal-vspacing\"><div class=\"section-body\"><div class=\"info-block has-figure-left figure-type-image vertical-align-center has-layout-even-split\"><figure class=\"media-object is-image info-block-figure\"><img loading=\"lazy\" decoding=\"async\" width=\"1200\" height=\"1200\" src=\"https:\/\/www.immanuel.se\/en\/wp-content\/uploads\/sites\/2\/2025\/09\/maner-musikskolan-square2-resize-1200x1200.jpg\" alt=\"\" class=\"media-object-image wp-image-18586 info-block-figure-source\" srcset=\"https:\/\/www.immanuel.se\/en\/wp-content\/uploads\/sites\/2\/2025\/09\/maner-musikskolan-square2-resize-1200x1200.jpg 1200w, https:\/\/www.immanuel.se\/en\/wp-content\/uploads\/sites\/2\/2025\/09\/maner-musikskolan-square2-resize-640x640.jpg 640w, https:\/\/www.immanuel.se\/en\/wp-content\/uploads\/sites\/2\/2025\/09\/maner-musikskolan-square2-resize-300x300.jpg 300w, https:\/\/www.immanuel.se\/en\/wp-content\/uploads\/sites\/2\/2025\/09\/maner-musikskolan-square2-resize-768x768.jpg 768w, https:\/\/www.immanuel.se\/en\/wp-content\/uploads\/sites\/2\/2025\/09\/maner-musikskolan-square2-resize-1536x1536.jpg 1536w, https:\/\/www.immanuel.se\/en\/wp-content\/uploads\/sites\/2\/2025\/09\/maner-musikskolan-square2-resize-2048x2048.jpg 2048w\" sizes=\"auto, (max-width: 1200px) 100vw, 1200px\" \/><\/figure><div class=\"info-block-content\">\n<h2 class=\"wp-block-heading\">Applying to a music profile class? We can help you prepare!<\/h2>\n\n\n\n<p><strong>Theory A (Preparatory course for the entrance test to music profile classes in grade 4)<\/strong><\/p>\n\n\n\n<p>Do you have a child who dreams of joining a music profile class in grade 4? Immanuel Music School offers a tailored course specifically designed for children planning to apply for a profile class, aimed at giving them the tools and knowledge they need to pass the entrance tests.<\/p>\n\n\n\n<p>We know how important it is to feel confident and well-prepared before the tests. That\u2019s why we\u2019ve created a 6-session course!<\/p>\n\n\n\n<p><strong>Last day to register: October 24.<\/strong><\/p>\n\n\n\n<div class=\"wp-block-buttons is-layout-flex wp-block-buttons-is-layout-flex\">\n<div class=\"wp-block-button\"><a class=\"wp-block-button__link wp-element-button\" href=\"https:\/\/docs.google.com\/forms\/d\/e\/1FAIpQLSdUP4kWKhub0Yho1Cfs1UcxwfdAivlwJOg6PJqqEZY46cq7vg\/viewform\">Sign up<\/a><\/div>\n<\/div>\n\n\n\n<div class=\"wp-block-group\"><div class=\"wp-block-group__inner-container is-layout-constrained wp-block-group-is-layout-constrained\">\n<details class=\"wp-block-details is-layout-flow wp-block-details-is-layout-flow\"><summary>READ MORE<\/summary>\n<p><\/p>\n\n\n\n<p><strong>Course content:<\/strong><\/p>\n\n\n\n<ul class=\"wp-block-list\">\n<li>Basic ear training.<\/li>\n\n\n\n<li>Rhythms and melodies.<\/li>\n\n\n\n<li>We sing songs that often appear on the tests, such as &#8220;Nu t\u00e4ndas&#8221;, &#8220;Blinka lilla&#8221;, and &#8220;Du ska inte tro det blir sommar&#8221; in different keys.<\/li>\n<\/ul>\n\n\n\n<p><strong>Course leader:<\/strong> Lydia Eriksson<\/p>\n\n\n\n<p><strong>Practical information:<\/strong><\/p>\n\n\n\n<ul class=\"wp-block-list\">\n<li><strong>Location:<\/strong> The Mind Hall at Immanuel Church.<\/li>\n\n\n\n<li><strong>Format:<\/strong> Group lessons.<\/li>\n\n\n\n<li><strong>Parents\/guardians:<\/strong> Wait outside during class time.<\/li>\n\n\n\n<li><strong>Guarantee: <\/strong>The course does not guarantee admission to the desired school but provides tools to make the entrance test easier.<\/li>\n\n\n\n<li><strong>Maximum number of participants:<\/strong> 8\u201310.<\/li>\n\n\n\n<li><strong>Cost: <\/strong>400 SEK for 6 sessions.<\/li>\n\n\n\n<li><strong>Schedule:<\/strong> Tuesdays, 18:00\u201318:45.<\/li>\n\n\n\n<li><strong>Last day to register: <\/strong>October 24.<\/li>\n<\/ul>\n\n\n\n<p><strong>Course dates:<\/strong><\/p>\n\n\n\n<p><strong>December 9, November 4, November 11, November 18, November 25, and December 2<\/strong><\/p>\n<\/details>\n\n\n\n<hr class=\"wp-block-separator has-alpha-channel-opacity\" \/>\n\n\n\n<p><strong>Theory B (Preparatory course for the written entrance test for grades 5\u20139)<\/strong><\/p>\n\n\n\n<p>This course is primarily a preparation for the written theory tests for admission to Adolf Fredrik\u2019s Music Classes and other schools that require written theory entrance tests. The course is also suitable for students who already attend Immanuel Music School and wish to improve their knowledge of music theory and sight-reading.<\/p>\n\n\n\n<p><strong>Last day to register: October 24.<\/strong><\/p>\n\n\n\n<p><\/p>\n\n\n\n<div class=\"wp-block-buttons is-layout-flex wp-block-buttons-is-layout-flex\">\n<div class=\"wp-block-button\"><a class=\"wp-block-button__link wp-element-button\" href=\"https:\/\/docs.google.com\/forms\/d\/e\/1FAIpQLSdUP4kWKhub0Yho1Cfs1UcxwfdAivlwJOg6PJqqEZY46cq7vg\/viewform\">Sign up<\/a><\/div>\n<\/div>\n<\/div><\/div>\n\n\n\n<details class=\"wp-block-details is-layout-flow wp-block-details-is-layout-flow\"><summary>READ MORE<\/summary>\n<p><\/p>\n\n\n\n<p><strong>Practical information:<\/strong><\/p>\n\n\n\n<ul class=\"wp-block-list\">\n<li><strong>Plats:<\/strong> Salen Mind i Immanuelskyrkan.<\/li>\n\n\n\n<li><strong>Undervisningsform:<\/strong> Gruppvis undervisning.<\/li>\n\n\n\n<li><strong>F\u00f6r\u00e4ldrar\/v\u00e5rdnadshavare:<\/strong> V\u00e4ntar utanf\u00f6r under lektionstid.<\/li>\n\n\n\n<li><strong>Garanti:<\/strong> Kursen garanterar inte antagning till \u00f6nskad skola, men ger redskap f\u00f6r att underl\u00e4tta inf\u00f6r f\u00e4rdighetsprovet.<\/li>\n\n\n\n<li><strong>Kostnad<\/strong> 400 kr f\u00f6r 6 tillf\u00e4llen.<\/li>\n\n\n\n<li><strong>Maxantal:<\/strong> 10-12 deltagare.<\/li>\n<\/ul>\n\n\n\n<p><\/p>\n<\/details>\n<\/div><\/div><\/div><\/section>\n\n\n\n<section class=\"wp-block-bm-info-block alignfull section has-page-width-content has-normal-vspacing\"><div class=\"section-body\"><div class=\"info-block has-figure-right figure-type-image vertical-align-center has-layout-even-split\"><figure class=\"media-object is-image info-block-figure\"><img decoding=\"async\" src=\"https:\/\/www.immanuel.se\/wp-content\/uploads\/2022\/12\/Bilder-till-Utbudsidan-Musikskolan.jpg\" alt=\"\" class=\"media-object-image wp-image-14529 info-block-figure-source\" \/><\/figure><div class=\"info-block-content\">\n<h2 class=\"wp-block-heading\">S\u00e5ng<\/h2>\n\n\n\n<p>Vill du utveckla din s\u00e5ngf\u00f6rm\u00e5ga? Ta s\u00e5nglektioner hos oss!<br>I Musikskolan Immanuel finns flera s\u00e5ngpedagoger med<br>gedigen, pedagogisk utbildning och erfarenhet inom olika<br>genrer. Vi erbjuder flera kursinriktningar att<br>boka.<\/p>\n\n\n\n<div class=\"wp-block-group\"><div class=\"wp-block-group__inner-container is-layout-constrained wp-block-group-is-layout-constrained\">\n<p class=\"has-text-align-left\">\u2022Enskilda s\u00e5nglektioner f\u00f6r vuxna p\u00e5 traditionellt s\u00e4tt<\/p>\n\n\n\n<p class=\"has-text-align-left\">\u2022S\u00e5ngsp\u00e5ret, s\u00e5nglektioner i grupp f\u00f6r barn och ungdomar<\/p>\n\n\n\n<p class=\"has-text-align-left\">\u2022Musikal,&nbsp; fr\u00e5n 13 \u00e5r.<\/p>\n\n\n\n<p><\/p>\n\n\n\n<p><\/p>\n<\/div><\/div>\n<\/div><\/div><\/div><\/section>\n\n\n\n<p class=\"has-text-align-left\"><\/p>\n","protected":false},"excerpt":{"rendered":"<p>We have about 15 teachers, all with a degree in music education, who teach with us. The students are given many opportunities to express their musicality, including end-of-term performances, chamber [&hellip;]<\/p>\n","protected":false},"author":1,"featured_media":0,"parent":2132,"menu_order":58,"comment_status":"closed","ping_status":"closed","template":"templates\/no-sidebar.php","meta":{"_acf_changed":false,"page_specific_styles":"","episode_type":"","audio_file":"","podmotor_file_id":"","podmotor_episode_id":"","cover_image":"","cover_image_id":"","duration":"","filesize":"","filesize_raw":"","date_recorded":"","explicit":"","block":"","itunes_episode_number":"","itunes_title":"","itunes_season_number":"","itunes_episode_type":"","editor_notices":[],"footnotes":""},"class_list":["post-2179","page","type-page","status-publish","hentry"],"acf":[],"featured_media_data":{"id":0,"alt":false,"srcset":false,"sizes":{"thumbnail":false,"medium":false,"medium_large":false,"large":false,"1536x1536":false,"2048x2048":false,"xlarge":false,"gform-image-choice-sm":false,"gform-image-choice-md":false,"gform-image-choice-lg":false}},"yoast_head":"<!-- This site is optimized with the Yoast SEO plugin v27.4 - https:\/\/yoast.com\/product\/yoast-seo-wordpress\/ -->\n<title>Possibilities - Immanuel Church<\/title>\n<meta name=\"robots\" content=\"index, follow, max-snippet:-1, max-image-preview:large, max-video-preview:-1\" \/>\n<link rel=\"canonical\" href=\"https:\/\/www.immanuel.se\/en\/music-culture\/music-school\/utbud-english\/\" \/>\n<meta property=\"og:locale\" content=\"en_US\" \/>\n<meta property=\"og:type\" content=\"article\" \/>\n<meta property=\"og:title\" content=\"Possibilities - Immanuel Church\" \/>\n<meta property=\"og:description\" content=\"We have about 15 teachers, all with a degree in music education, who teach with us. The students are given many opportunities to express their musicality, including end-of-term performances, chamber [&hellip;]\" \/>\n<meta property=\"og:url\" content=\"https:\/\/www.immanuel.se\/en\/music-culture\/music-school\/utbud-english\/\" \/>\n<meta property=\"og:site_name\" content=\"Immanuel Church\" \/>\n<meta property=\"article:modified_time\" content=\"2025-09-16T07:33:18+00:00\" \/>\n<meta name=\"twitter:card\" content=\"summary_large_image\" \/>\n<meta name=\"twitter:label1\" content=\"Est. reading time\" \/>\n\t<meta name=\"twitter:data1\" content=\"3 minutes\" \/>\n<script type=\"application\/ld+json\" class=\"yoast-schema-graph\">{\"@context\":\"https:\\\/\\\/schema.org\",\"@graph\":[{\"@type\":\"WebPage\",\"@id\":\"https:\\\/\\\/www.immanuel.se\\\/en\\\/music-culture\\\/music-school\\\/utbud-english\\\/\",\"url\":\"https:\\\/\\\/www.immanuel.se\\\/en\\\/music-culture\\\/music-school\\\/utbud-english\\\/\",\"name\":\"Possibilities - Immanuel Church\",\"isPartOf\":{\"@id\":\"https:\\\/\\\/www.immanuel.se\\\/en\\\/#website\"},\"primaryImageOfPage\":{\"@id\":\"https:\\\/\\\/www.immanuel.se\\\/en\\\/music-culture\\\/music-school\\\/utbud-english\\\/#primaryimage\"},\"image\":{\"@id\":\"https:\\\/\\\/www.immanuel.se\\\/en\\\/music-culture\\\/music-school\\\/utbud-english\\\/#primaryimage\"},\"thumbnailUrl\":\"https:\\\/\\\/www.immanuel.se\\\/wp-content\\\/uploads\\\/2020\\\/09\\\/cedar-top-violin-165974-edited-1200x675.jpg\",\"datePublished\":\"2020-11-17T13:44:35+00:00\",\"dateModified\":\"2025-09-16T07:33:18+00:00\",\"breadcrumb\":{\"@id\":\"https:\\\/\\\/www.immanuel.se\\\/en\\\/music-culture\\\/music-school\\\/utbud-english\\\/#breadcrumb\"},\"inLanguage\":\"en-US\",\"potentialAction\":[{\"@type\":\"ReadAction\",\"target\":[\"https:\\\/\\\/www.immanuel.se\\\/en\\\/music-culture\\\/music-school\\\/utbud-english\\\/\"]}]},{\"@type\":\"ImageObject\",\"inLanguage\":\"en-US\",\"@id\":\"https:\\\/\\\/www.immanuel.se\\\/en\\\/music-culture\\\/music-school\\\/utbud-english\\\/#primaryimage\",\"url\":\"https:\\\/\\\/www.immanuel.se\\\/wp-content\\\/uploads\\\/2020\\\/09\\\/cedar-top-violin-165974-edited-1200x675.jpg\",\"contentUrl\":\"https:\\\/\\\/www.immanuel.se\\\/wp-content\\\/uploads\\\/2020\\\/09\\\/cedar-top-violin-165974-edited-1200x675.jpg\"},{\"@type\":\"BreadcrumbList\",\"@id\":\"https:\\\/\\\/www.immanuel.se\\\/en\\\/music-culture\\\/music-school\\\/utbud-english\\\/#breadcrumb\",\"itemListElement\":[{\"@type\":\"ListItem\",\"position\":1,\"name\":\"Home\",\"item\":\"https:\\\/\\\/www.immanuel.se\\\/en\\\/\"},{\"@type\":\"ListItem\",\"position\":2,\"name\":\"Music &#038; Culture\",\"item\":\"https:\\\/\\\/www.immanuel.se\\\/en\\\/music-culture\\\/\"},{\"@type\":\"ListItem\",\"position\":3,\"name\":\"Immanuel Music School\",\"item\":\"https:\\\/\\\/www.immanuel.se\\\/en\\\/music-culture\\\/music-school\\\/\"},{\"@type\":\"ListItem\",\"position\":4,\"name\":\"Possibilities\"}]},{\"@type\":\"WebSite\",\"@id\":\"https:\\\/\\\/www.immanuel.se\\\/en\\\/#website\",\"url\":\"https:\\\/\\\/www.immanuel.se\\\/en\\\/\",\"name\":\"Immanuel Church\",\"description\":\"\",\"publisher\":{\"@id\":\"https:\\\/\\\/www.immanuel.se\\\/en\\\/#organization\"},\"potentialAction\":[{\"@type\":\"SearchAction\",\"target\":{\"@type\":\"EntryPoint\",\"urlTemplate\":\"https:\\\/\\\/www.immanuel.se\\\/en\\\/?s={search_term_string}\"},\"query-input\":{\"@type\":\"PropertyValueSpecification\",\"valueRequired\":true,\"valueName\":\"search_term_string\"}}],\"inLanguage\":\"en-US\"},{\"@type\":\"Organization\",\"@id\":\"https:\\\/\\\/www.immanuel.se\\\/en\\\/#organization\",\"name\":\"Immanuel Church\",\"url\":\"https:\\\/\\\/www.immanuel.se\\\/en\\\/\",\"logo\":{\"@type\":\"ImageObject\",\"inLanguage\":\"en-US\",\"@id\":\"https:\\\/\\\/www.immanuel.se\\\/en\\\/#\\\/schema\\\/logo\\\/image\\\/\",\"url\":\"https:\\\/\\\/www.immanuel.se\\\/en\\\/wp-content\\\/uploads\\\/sites\\\/2\\\/2020\\\/09\\\/immanuelskyrkan-logo.svg\",\"contentUrl\":\"https:\\\/\\\/www.immanuel.se\\\/en\\\/wp-content\\\/uploads\\\/sites\\\/2\\\/2020\\\/09\\\/immanuelskyrkan-logo.svg\",\"width\":170,\"height\":28,\"caption\":\"Immanuel Church\"},\"image\":{\"@id\":\"https:\\\/\\\/www.immanuel.se\\\/en\\\/#\\\/schema\\\/logo\\\/image\\\/\"}}]}<\/script>\n<!-- \/ Yoast SEO plugin. -->","yoast_head_json":{"title":"Possibilities - Immanuel Church","robots":{"index":"index","follow":"follow","max-snippet":"max-snippet:-1","max-image-preview":"max-image-preview:large","max-video-preview":"max-video-preview:-1"},"canonical":"https:\/\/www.immanuel.se\/en\/music-culture\/music-school\/utbud-english\/","og_locale":"en_US","og_type":"article","og_title":"Possibilities - Immanuel Church","og_description":"We have about 15 teachers, all with a degree in music education, who teach with us. The students are given many opportunities to express their musicality, including end-of-term performances, chamber [&hellip;]","og_url":"https:\/\/www.immanuel.se\/en\/music-culture\/music-school\/utbud-english\/","og_site_name":"Immanuel Church","article_modified_time":"2025-09-16T07:33:18+00:00","twitter_card":"summary_large_image","twitter_misc":{"Est. reading time":"3 minutes"},"schema":{"@context":"https:\/\/schema.org","@graph":[{"@type":"WebPage","@id":"https:\/\/www.immanuel.se\/en\/music-culture\/music-school\/utbud-english\/","url":"https:\/\/www.immanuel.se\/en\/music-culture\/music-school\/utbud-english\/","name":"Possibilities - Immanuel Church","isPartOf":{"@id":"https:\/\/www.immanuel.se\/en\/#website"},"primaryImageOfPage":{"@id":"https:\/\/www.immanuel.se\/en\/music-culture\/music-school\/utbud-english\/#primaryimage"},"image":{"@id":"https:\/\/www.immanuel.se\/en\/music-culture\/music-school\/utbud-english\/#primaryimage"},"thumbnailUrl":"https:\/\/www.immanuel.se\/wp-content\/uploads\/2020\/09\/cedar-top-violin-165974-edited-1200x675.jpg","datePublished":"2020-11-17T13:44:35+00:00","dateModified":"2025-09-16T07:33:18+00:00","breadcrumb":{"@id":"https:\/\/www.immanuel.se\/en\/music-culture\/music-school\/utbud-english\/#breadcrumb"},"inLanguage":"en-US","potentialAction":[{"@type":"ReadAction","target":["https:\/\/www.immanuel.se\/en\/music-culture\/music-school\/utbud-english\/"]}]},{"@type":"ImageObject","inLanguage":"en-US","@id":"https:\/\/www.immanuel.se\/en\/music-culture\/music-school\/utbud-english\/#primaryimage","url":"https:\/\/www.immanuel.se\/wp-content\/uploads\/2020\/09\/cedar-top-violin-165974-edited-1200x675.jpg","contentUrl":"https:\/\/www.immanuel.se\/wp-content\/uploads\/2020\/09\/cedar-top-violin-165974-edited-1200x675.jpg"},{"@type":"BreadcrumbList","@id":"https:\/\/www.immanuel.se\/en\/music-culture\/music-school\/utbud-english\/#breadcrumb","itemListElement":[{"@type":"ListItem","position":1,"name":"Home","item":"https:\/\/www.immanuel.se\/en\/"},{"@type":"ListItem","position":2,"name":"Music &#038; Culture","item":"https:\/\/www.immanuel.se\/en\/music-culture\/"},{"@type":"ListItem","position":3,"name":"Immanuel Music School","item":"https:\/\/www.immanuel.se\/en\/music-culture\/music-school\/"},{"@type":"ListItem","position":4,"name":"Possibilities"}]},{"@type":"WebSite","@id":"https:\/\/www.immanuel.se\/en\/#website","url":"https:\/\/www.immanuel.se\/en\/","name":"Immanuel Church","description":"","publisher":{"@id":"https:\/\/www.immanuel.se\/en\/#organization"},"potentialAction":[{"@type":"SearchAction","target":{"@type":"EntryPoint","urlTemplate":"https:\/\/www.immanuel.se\/en\/?s={search_term_string}"},"query-input":{"@type":"PropertyValueSpecification","valueRequired":true,"valueName":"search_term_string"}}],"inLanguage":"en-US"},{"@type":"Organization","@id":"https:\/\/www.immanuel.se\/en\/#organization","name":"Immanuel Church","url":"https:\/\/www.immanuel.se\/en\/","logo":{"@type":"ImageObject","inLanguage":"en-US","@id":"https:\/\/www.immanuel.se\/en\/#\/schema\/logo\/image\/","url":"https:\/\/www.immanuel.se\/en\/wp-content\/uploads\/sites\/2\/2020\/09\/immanuelskyrkan-logo.svg","contentUrl":"https:\/\/www.immanuel.se\/en\/wp-content\/uploads\/sites\/2\/2020\/09\/immanuelskyrkan-logo.svg","width":170,"height":28,"caption":"Immanuel Church"},"image":{"@id":"https:\/\/www.immanuel.se\/en\/#\/schema\/logo\/image\/"}}]}},"_links":{"self":[{"href":"https:\/\/www.immanuel.se\/en\/wp-json\/wp\/v2\/pages\/2179","targetHints":{"allow":["GET"]}}],"collection":[{"href":"https:\/\/www.immanuel.se\/en\/wp-json\/wp\/v2\/pages"}],"about":[{"href":"https:\/\/www.immanuel.se\/en\/wp-json\/wp\/v2\/types\/page"}],"author":[{"embeddable":true,"href":"https:\/\/www.immanuel.se\/en\/wp-json\/wp\/v2\/users\/1"}],"replies":[{"embeddable":true,"href":"https:\/\/www.immanuel.se\/en\/wp-json\/wp\/v2\/comments?post=2179"}],"version-history":[{"count":5,"href":"https:\/\/www.immanuel.se\/en\/wp-json\/wp\/v2\/pages\/2179\/revisions"}],"predecessor-version":[{"id":18587,"href":"https:\/\/www.immanuel.se\/en\/wp-json\/wp\/v2\/pages\/2179\/revisions\/18587"}],"up":[{"embeddable":true,"href":"https:\/\/www.immanuel.se\/en\/wp-json\/wp\/v2\/pages\/2132"}],"wp:attachment":[{"href":"https:\/\/www.immanuel.se\/en\/wp-json\/wp\/v2\/media?parent=2179"}],"curies":[{"name":"wp","href":"https:\/\/api.w.org\/{rel}","templated":true}]}}